{"id":10,"date":"2014-07-21T17:33:03","date_gmt":"2014-07-21T17:33:03","guid":{"rendered":"https:\/\/eurolobster.svinna.is\/?page_id=10"},"modified":"2017-10-15T16:04:17","modified_gmt":"2017-10-15T16:04:17","slug":"publications","status":"publish","type":"page","link":"https:\/\/eurolobster.svinna.is\/?page_id=10","title":{"rendered":"Dissemination"},"content":{"rendered":"<h3>Master thesis at Faculty of Life and Environmental Sciences, University of Iceland, 2017<\/h3>\n<p>Magnusdottir, S.K. Land based farming of the European lobster <em>(Homarus gammarus),<\/em> Master thesis, Faculty of Life and Environmental Sciences, University of Iceland, October 2017<\/p>\n<h3>Article in Aquaculture Research, 2017<\/h3>\n<p>Powell, A., <a href=\"http:\/\/www.gu.se\/omuniversitetet\/vara-fakulteter\/omdirigering-person?userId=xhinja&amp;userName=James+Hinchcliffe&amp;languageCode=en\">Hinchcliffe<\/a>, J., <a href=\"http:\/\/www.gu.se\/omuniversitetet\/vara-fakulteter\/omdirigering-person?userId=xskris&amp;userName=Kristina+Sundell&amp;languageCode=en\">Sundell<\/a>, K., Carlsson, N.-G. and <a href=\"http:\/\/www.gu.se\/omuniversitetet\/vara-fakulteter\/omdirigering-person?userId=xerisu&amp;userName=Susanne+P.+Eriksson&amp;languageCode=en\">Eriksson<\/a>, S.P. <a href=\"http:\/\/www.gu.se\/english\/research\/publication?publicationId=251072\">Comparative survival and growth performance of European lobster larvae, <em>Homarus<\/em> <em>gammarus,<\/em> reared on dry feed and conspecifics<\/a>, Aquaculture Research, Journal, 2017<\/p>\n<h3>Article in Journal of Aquaculture and Marine Biology, 2016<\/h3>\n<p>Drengstig, A., Bergheim, A., Westerlund, L. and Agnalt, A.-L., Metabolic rates in hatchery-reared European lobster juveniles <em>(Homarus gammarus L.), <\/em>Journal of Aquaculture and Marine Biology, Volume 5 Issue 5, 2017.<\/p>\n<h3>Article in Aquaculture Europe, September 2016<\/h3>\n<p>S.P. Eriksson, Agnalt, A.-L., Alsaleh, F., Burrow, O., Daniels, C.L., Drengstig, A., Gowland, D., Hinchcliffe, J., Lund, I., Lundve, B., Magnusdottir, S., Stensland, K., Styf, H.K., Svanberg, L., Thorarinsdottir, R., Wood H.L. and Powell, A., Brood-specific effect of feed on the larval stages of the European lobster, <em>Homarus gammarus<\/em>, Aquaculture Europe 16 2016, September 2016<\/p>\n<h3>Article in Aquaculture Europe, September 2016<\/h3>\n<p>Powell, A., and ELCE, New developments in European lobster aquaculture, Aquaculture Europe, Vol 41(2), september 2016<\/p>\n<h3>ELCE seminar, September 13th 2016<\/h3>\n<p>European Lobster Centre of Excellence (ELCE) seminar in Hirtshals with participation of colleagues from DTU-Aqua, NLF, Aqvisor, Norsk Hummer, NLH, Svinna and Shellfish hatchery solutions Ltd.<\/p>\n<h3>Workshop, March 2016<\/h3>\n<p>Workshop at the Department of Biological and Environmental Sciences, Kristineberg, Sweden<\/p>\n<h3>Poster, November 5th-7th 2015<\/h3>\n<p>Poster at the Biology seminar at the University of Iceland<\/p>\n<h3>Oral presentation at the conference Aquaculture Europe, 2015<\/h3>\n<p><a href=\"https:\/\/eurolobster.svinna.is\/wp-content\/uploads\/2014\/07\/Rotterdam-Abstracts_Magnusdottir_et_al_2015_okt.pdf\">Magnusdottir, S.K., Halldorsson. H.P. and Thorarinsdottir, R.I., Feeding trials and environmental effect on the metabolic rate of the European lobster (Homarus gammarus)<\/a><\/p>\n<h3>Article in Fiskifrettir, August 13th 2015<\/h3>\n<p>An article in Fiskifrettir \u2013 Fisheries Newsletter in Iceland<\/p>\n<h3>ELCE meeting in Stavanger, May 18th-19th 2015<\/h3>\n<p><a href=\"https:\/\/eurolobster.svinna.is\/wp-content\/uploads\/2014\/07\/ELCE_2015.pdf\">Drengstig, A., Lund, I., Agnalt, A.-L., Boothroyd, D., Daniels, C., J\u00f6rstad, K., Eriksen, S., Thorarinsdottir, R., Cimmaruta, R., Benavente, G.P., McMinn, J. and Evensen, B. Current status on European lobster aquaculture in Europe.<\/a> Report from the 3rd annual ELCE meeting held in Stavanger, Norway<\/p>\n<h3>Presentation at the ELCE seminar in Stavanger, May 19th 2015<\/h3>\n<p><a href=\"https:\/\/eurolobster.svinna.is\/wp-content\/uploads\/2014\/07\/Lobster_Stavanger_May20_2015.pdf\">Presentation about the project at the ELCE seminar in Stavanger<\/a><\/p>\n<h3>Presentation at the Annual Meeting of University of Iceland Research Centres, held in Husavik, April 9th 2015<\/h3>\n<p>Magnusdottir, S.K., Halldorsson, H.P. and Thorarindsottir, R.I., Landbased aquaculture of European lobster (homarus gammarus in Iceland, (In Icelandic: Landeldi \u00e1 Evr\u00f3puhumri (Homarus gammarus) \u00e1 \u00cdslandi)<\/p>\n<h3>European Lobster \u2013 Survival and Growth, Report, March 2015<\/h3>\n<p>Magnusdottir, S.K., Halldorsson, H.P., Gudnason, A. and Thorarinsdottir, R.I., European Lobster \u2013 Survival and Growth, Report, University of Iceland March 2015<\/p>\n<h3>Article in the University of Iceland Annual Magazine, February 2015<\/h3>\n<p>An article in the University of Iceland Annual Magazine, February 2015<\/p>\n<h3>Oral presentation and poster, October 25th 2014<\/h3>\n<p>Oral presentation of preliminary results and a poster at the University of Iceland.<\/p>\n<h3>Conference paper and presentation, October 15th 2014<\/h3>\n<p>Oral presentation of preliminary results at the conference Aquaculture Europe 2014. Thorarinsdottir, R.I., Magnusdottir, S.K., Halldorsson, H.P., Drengstig, A. and Agnalt, A.-L., <a href=\"http:\/\/scholar.google.com\/citations?view_op=view_citation&amp;hl=en&amp;user=E-80rckAAAAJ&amp;citation_for_view=E-80rckAAAAJ:WbkHhVStYXYC\">Farming of European Lobster <em>Homarus gammarus<\/em> using natural geothermal resources<\/a>, Aquaculture Europe 14 2014, October 14-17 2014, San Sebastian, Spain. <a href=\"https:\/\/www.was.org\/easOnline\/AbstractDetail.aspx?i=3866\">Link to abstract<\/a><\/p>\n<h3>ELCE meeting, October 9th-10th 2014<\/h3>\n<p>ELCE seminar and visit to the European lobster hatchery in North Berwick<\/p>\n<div id='gallery-1' class='gallery galleryid-10 gallery-columns-3 gallery-size-thumbnail'><figure class='gallery-item'>\n\t\t\t<div class='gallery-icon landscape'>\n\t\t\t\t<a href='https:\/\/eurolobster.svinna.is\/wp-content\/uploads\/2015\/01\/IMG_1345.jpg'><img width=\"150\" height=\"150\" src=\"https:\/\/eurolobster.svinna.is\/wp-content\/uploads\/2015\/01\/IMG_1345-150x150.jpg\" class=\"attachment-thumbnail size-thumbnail\" alt=\"\" decoding=\"async\" loading=\"lazy\" \/><\/a>\n\t\t\t<\/div><\/figure><figure class='gallery-item'>\n\t\t\t<div class='gallery-icon portrait'>\n\t\t\t\t<a href='https:\/\/eurolobster.svinna.is\/wp-content\/uploads\/2015\/01\/IMG_1328.jpg'><img width=\"150\" height=\"150\" src=\"https:\/\/eurolobster.svinna.is\/wp-content\/uploads\/2015\/01\/IMG_1328-150x150.jpg\" class=\"attachment-thumbnail size-thumbnail\" alt=\"\" decoding=\"async\" loading=\"lazy\" \/><\/a>\n\t\t\t<\/div><\/figure>\n\t\t<\/div>\n\n<h3>Mini-seminar at the university of Iceland, October 8th 2014<\/h3>\n<p>Oral presentation presenting the project at the University of Iceland<\/p>\n<h3>Article in Fiskifrettir, August 14th 2014<\/h3>\n<p>An article in Fiskifrettir &#8211; Fisheries Newsletter in Iceland<\/p>\n<p><a href=\"https:\/\/eurolobster.svinna.is\/wp-content\/uploads\/2015\/01\/011d0363c0ba81ccf022ae9f0150f873f646c17c24-2.jpg\"><img decoding=\"async\" loading=\"lazy\" class=\"aligncenter size-large wp-image-181\" src=\"https:\/\/eurolobster.svinna.is\/wp-content\/uploads\/2015\/01\/011d0363c0ba81ccf022ae9f0150f873f646c17c24-2-768x1024.jpg\" alt=\"humarinn_tvofaldad_thyngd_sina\" width=\"604\" height=\"805\" srcset=\"https:\/\/eurolobster.svinna.is\/wp-content\/uploads\/2015\/01\/011d0363c0ba81ccf022ae9f0150f873f646c17c24-2-768x1024.jpg 768w, https:\/\/eurolobster.svinna.is\/wp-content\/uploads\/2015\/01\/011d0363c0ba81ccf022ae9f0150f873f646c17c24-2-225x300.jpg 225w, https:\/\/eurolobster.svinna.is\/wp-content\/uploads\/2015\/01\/011d0363c0ba81ccf022ae9f0150f873f646c17c24-2.jpg 1536w\" sizes=\"(max-width: 604px) 100vw, 604px\" \/><\/a><\/p>\n<h3>Radio interview and article in Frettabladid, July 2nd 2014<\/h3>\n<p>An interview on Bylgjan, an Icelandic radio station (link not available) and an <a href=\"http:\/\/www.visir.is\/ExternalData\/pdf\/fbl\/140702.pdf\" target=\"_blank\">article introduction of the project in Frettabladid<\/a>, an Icelandic newpaper, and on<a href=\"http:\/\/www.visir.is\/arasargjarn-evropuhumar-i-sandgerdi\/article\/2014707029947\" target=\"_blank\"> visir.is<\/a>, the newspapers web site.<\/p>\n<h3>Article in Global Aquaculture Advocate, May\/June 2014<\/h3>\n<p><a href=\"http:\/\/www.gaalliance.org\/mag\/2014\/May-Jun\/download.pdf\" target=\"_blank\">Drengstig, A. and Thorarinsdottir, R., Pilot Lobster Production Facility Uses Geothermal Groundwater In Iceland, Global aquaculture advocate, May\/June 2014<\/a><\/p>\n<h3>Article in Morgunbladid, May 27th 2014<\/h3>\n<p>An <a href=\"http:\/\/www.mbl.is\/vidskipti\/frettir\/2014\/05\/27\/storhuga_um_humareldi_a_slandi\/\" target=\"_blank\">article in Morgunbladid<\/a>, an Icelandic newspaper following an interview at the Rannis Innovation day.<\/p>\n<h3>Rannis Innovation Day &#8211; Demonstration, May 23rd \u2013 24th 2014<\/h3>\n<p>Introduction at Rannis Innovation day showing the lobster and discussing the project. <a href=\"https:\/\/eurolobster.svinna.is\/wp-content\/uploads\/2014\/07\/Humar_poster_mai2014.pdf\" target=\"_blank\">Poster for the project.<\/a><\/p>\n<p>&nbsp;<\/p>\n","protected":false},"excerpt":{"rendered":"<p>Master thesis at Faculty of Life and Environmental Sciences, University of Iceland, 2017 Magnusdottir, S.K. Land based farming of the European lobster (Homarus gammarus), Master thesis, Faculty of Life and Environmental Sciences, University of Iceland, October 2017 Article in Aquaculture Research, 2017 Powell, A., Hinchcliffe, J., Sundell, K., Carlsson, N.-G. and Eriksson, S.P. Comparative survival [&hellip;]<\/p>\n","protected":false},"author":1,"featured_media":0,"parent":0,"menu_order":0,"comment_status":"open","ping_status":"open","template":"","meta":{"ngg_post_thumbnail":0},"_links":{"self":[{"href":"https:\/\/eurolobster.svinna.is\/index.php?rest_route=\/wp\/v2\/pages\/10"}],"collection":[{"href":"https:\/\/eurolobster.svinna.is\/index.php?rest_route=\/wp\/v2\/pages"}],"about":[{"href":"https:\/\/eurolobster.svinna.is\/index.php?rest_route=\/wp\/v2\/types\/page"}],"author":[{"embeddable":true,"href":"https:\/\/eurolobster.svinna.is\/index.php?rest_route=\/wp\/v2\/users\/1"}],"replies":[{"embeddable":true,"href":"https:\/\/eurolobster.svinna.is\/index.php?rest_route=%2Fwp%2Fv2%2Fcomments&post=10"}],"version-history":[{"count":27,"href":"https:\/\/eurolobster.svinna.is\/index.php?rest_route=\/wp\/v2\/pages\/10\/revisions"}],"predecessor-version":[{"id":391,"href":"https:\/\/eurolobster.svinna.is\/index.php?rest_route=\/wp\/v2\/pages\/10\/revisions\/391"}],"wp:attachment":[{"href":"https:\/\/eurolobster.svinna.is\/index.php?rest_route=%2Fwp%2Fv2%2Fmedia&parent=10"}],"curies":[{"name":"wp","href":"https:\/\/api.w.org\/{rel}","templated":true}]}}